{"id":10,"date":"2023-10-30T12:20:42","date_gmt":"2023-10-30T11:20:42","guid":{"rendered":"https:\/\/zbor-rybnik.pl\/?page_id=10"},"modified":"2025-11-09T09:19:20","modified_gmt":"2025-11-09T08:19:20","slug":"strona-glowna","status":"publish","type":"page","link":"https:\/\/kosciolwrybniku.pl\/","title":{"rendered":"Ko\u015bci\u00f3\u0142 w Rybniku"},"content":{"rendered":"\n<h3 class=\"wp-block-heading\"><strong>Witaj na stronie naszej wsp\u00f3lnoty<\/strong><\/h3>\n\n\n\n<p>Jeste\u015bmy zborem chrze\u015bcija\u0144skim, w kt\u00f3rym ka\u017cdy jest mile widziany. Naszymi przewodnikami s\u0105 Jezus Chrystus i mi\u0142o\u015b\u0107. Jako wsp\u00f3lnota, cieszymy si\u0119 darem wiary, kt\u00f3ry nas \u0142\u0105czy, pami\u0119taj\u0105c o s\u0142owach Aposto\u0142a Paw\u0142a: \u201eA teraz trwaj\u0105 wiara, nadzieja, mi\u0142o\u015b\u0107, te trzy; ale najwi\u0119ksz\u0105 z nich jest mi\u0142o\u015b\u0107\u201d (1 Kor 13,13).<\/p>\n\n\n\n<h3 class=\"wp-block-heading\"><strong>Nasza misja<\/strong><\/h3>\n\n\n\n<p>Naszym celem jest tworzenie wspieraj\u0105cego \u015brodowiska, kt\u00f3re sprzyja duchowemu wzrostowi i pozwala rozwija\u0107 talenty w s\u0142u\u017cbie innym. Wierzymy, \u017ce \u017cycie oparte na mi\u0142o\u015bci i szacunku realnie wp\u0142ywa na otaczaj\u0105cy nas \u015bwiat. Inspiruj\u0105 nas s\u0142owa Jezusa: \u201eW ten spos\u00f3b wszyscy poznaj\u0105, \u017ce jeste\u015bcie moimi uczniami, je\u015bli b\u0119dziecie si\u0119 wzajemnie mi\u0142owali\u201d (J 13,35).<\/p>\n\n\n\n<h3 class=\"wp-block-heading\"><strong>Miejsce otwarte dla Ciebie<\/strong><\/h3>\n\n\n\n<p>Nasza wsp\u00f3lnota jest otwarta dla wszystkich, niezale\u017cnie od etapu drogi wiary. Pragniemy by\u0107 miejscem inspiracji i duchowego pokoju, kieruj\u0105c si\u0119 zach\u0119t\u0105: \u201ePrzeto przyjmujcie siebie nawzajem, jak i Chrystus was przyj\u0105\u0142 na chwa\u0142\u0119 Bo\u017c\u0105\u201d (Rz 15,7).<\/p>\n\n\n\n<h3 class=\"wp-block-heading\"><strong>Do\u0142\u0105cz do nas<\/strong><\/h3>\n\n\n\n<p>Zapraszamy na nasze cotygodniowe zgromadzenia i wydarzenia. To czas, kt\u00f3ry po\u015bwi\u0119camy na wsp\u00f3ln\u0105 modlitw\u0119, dzielenie si\u0119 \u017cyciem i budowanie silnego Ko\u015bcio\u0142a dla wszystkich. Pami\u0119tamy przy tym o obietnicy: \u201eGdzie s\u0105 dwaj albo trzej zebrani w imi\u0119 moje, tam jestem po\u015br\u00f3d nich\u201d (Mt 18,20).<\/p>\n\n\n\n<p>Zapraszamy do kontaktu lub osobistych odwiedzin. To najlepszy spos\u00f3b, by dowiedzie\u0107 si\u0119 wi\u0119cej o naszej wsp\u00f3lnocie, opartej na wierze i nadziei, gdzie wspieramy si\u0119 we wzajemnym poznawaniu Boga.<\/p>\n","protected":false},"excerpt":{"rendered":"<p>Witaj na stronie naszej wsp\u00f3lnoty Jeste\u015bmy zborem chrze\u015bcija\u0144skim, w kt\u00f3rym ka\u017cdy jest mile widziany. Naszymi przewodnikami s\u0105 Jezus Chrystus i mi\u0142o\u015b\u0107. Jako wsp\u00f3lnota, cieszymy si\u0119 &hellip;<\/p>\n","protected":false},"author":1,"featured_media":0,"parent":0,"menu_order":0,"comment_status":"closed","ping_status":"closed","template":"","meta":{"footnotes":""},"class_list":["post-10","page","type-page","status-publish","hentry"],"_links":{"self":[{"href":"https:\/\/kosciolwrybniku.pl\/index.php?rest_route=\/wp\/v2\/pages\/10","targetHints":{"allow":["GET"]}}],"collection":[{"href":"https:\/\/kosciolwrybniku.pl\/index.php?rest_route=\/wp\/v2\/pages"}],"about":[{"href":"https:\/\/kosciolwrybniku.pl\/index.php?rest_route=\/wp\/v2\/types\/page"}],"author":[{"embeddable":true,"href":"https:\/\/kosciolwrybniku.pl\/index.php?rest_route=\/wp\/v2\/users\/1"}],"replies":[{"embeddable":true,"href":"https:\/\/kosciolwrybniku.pl\/index.php?rest_route=%2Fwp%2Fv2%2Fcomments&post=10"}],"version-history":[{"count":7,"href":"https:\/\/kosciolwrybniku.pl\/index.php?rest_route=\/wp\/v2\/pages\/10\/revisions"}],"predecessor-version":[{"id":88,"href":"https:\/\/kosciolwrybniku.pl\/index.php?rest_route=\/wp\/v2\/pages\/10\/revisions\/88"}],"wp:attachment":[{"href":"https:\/\/kosciolwrybniku.pl\/index.php?rest_route=%2Fwp%2Fv2%2Fmedia&parent=10"}],"curies":[{"name":"wp","href":"https:\/\/api.w.org\/{rel}","templated":true}]}}